{"id":8409,"date":"2026-04-13T19:16:10","date_gmt":"2026-04-13T18:16:10","guid":{"rendered":"https:\/\/store.fishy.nu\/product\/dm-abborre-jonkopings-lan-2026-dm-abborre-jonkopings-lan\/"},"modified":"2026-04-13T19:24:06","modified_gmt":"2026-04-13T18:24:06","slug":"dm-abborre-jonkopings-lan-2026-dm-abborre-jonkopings-lan","status":"publish","type":"product","link":"https:\/\/store.fishy.nu\/nb\/product\/dm-abborre-jonkopings-lan-2026-dm-abborre-jonkopings-lan\/","title":{"rendered":"DM Abborre &#8211; J\u00f6nk\u00f6pings L\u00e4n 2026 (DM Abborre &#8211; J\u00f6nk\u00f6pings L\u00e4n)"},"content":{"rendered":"<p>Deltagaravgift f\u00f6r DM Abborre &#8211; J\u00f6nk\u00f6pings l\u00e4n 2026<\/p>\n<p><\/p>\n<p>Ange team namn vid betalning.<\/p>\n<p>Maila \u00e4ven lag namn och deltagare till&nbsp;<\/p>\n<p>&#x74;&#x61;&#x76;&#x6c;&#x69;&#x6e;&#x67;&#x2e;&#x76;&#x65;&#x73;&#x74;&#x62;&#x6f;&#x2e;&#x73;&#x70;&#x6f;&#x72;&#x74;&#x66;&#x69;&#x73;&#x6b;&#x65;&#x40;<span class=\"oe_displaynone\">null<\/span>&#x68;&#x6f;&#x74;&#x6d;&#x61;&#x69;&#x6c;&#x2e;&#x63;&#x6f;&#x6d;&nbsp;<\/p>","protected":false},"excerpt":{"rendered":"<p>DM Abborre &#8211; J\u00f6nk\u00f6pings L\u00e4n, DM Abborre 2026 &#8211; J\u00f6nk\u00f6pings Distrikt, V\u00e4stbo Sportfiske [Ref. OAC-1265-1297-398]<\/p>","protected":false},"featured_media":832,"template":"","meta":{"site-sidebar-layout":"default","site-content-layout":"","ast-site-content-layout":"","site-content-style":"default","site-sidebar-style":"default","ast-global-header-display":"","ast-banner-title-visibility":"","ast-main-header-display":"","ast-hfb-above-header-display":"","ast-hfb-below-header-display":"","ast-hfb-mobile-header-display":"","site-post-title":"","ast-breadcrumbs-content":"","ast-featured-img":"","footer-sml-layout":"","theme-transparent-header-meta":"","adv-header-id-meta":"","stick-header-meta":"","header-above-stick-meta":"","header-main-stick-meta":"","header-below-stick-meta":"","astra-migrate-meta-layouts":"","ast-page-background-enabled":"default","ast-page-background-meta":{"desktop":{"background-color":"var(--ast-global-color-4)","background-image":"","background-repeat":"repeat","background-position":"center center","background-size":"auto","background-attachment":"scroll","background-type":"","background-media":"","overlay-type":"","overlay-color":"","overlay-gradient":""},"tablet":{"background-color":"","background-image":"","background-repeat":"repeat","background-position":"center center","background-size":"auto","background-attachment":"scroll","background-type":"","background-media":"","overlay-type":"","overlay-color":"","overlay-gradient":""},"mobile":{"background-color":"","background-image":"","background-repeat":"repeat","background-position":"center center","background-size":"auto","background-attachment":"scroll","background-type":"","background-media":"","overlay-type":"","overlay-color":"","overlay-gradient":""}},"ast-content-background-meta":{"desktop":{"background-color":"var(--ast-global-color-5)","background-image":"","background-repeat":"repeat","background-position":"center center","background-size":"auto","background-attachment":"scroll","background-type":"","background-media":"","overlay-type":"","overlay-color":"","overlay-gradient":""},"tablet":{"background-color":"var(--ast-global-color-5)","background-image":"","background-repeat":"repeat","background-position":"center center","background-size":"auto","background-attachment":"scroll","background-type":"","background-media":"","overlay-type":"","overlay-color":"","overlay-gradient":""},"mobile":{"background-color":"var(--ast-global-color-5)","background-image":"","background-repeat":"repeat","background-position":"center center","background-size":"auto","background-attachment":"scroll","background-type":"","background-media":"","overlay-type":"","overlay-color":"","overlay-gradient":""}}},"product_brand":[],"product_cat":[18],"product_tag":[21,28,39,30,24],"class_list":{"0":"post-8409","1":"product","2":"type-product","3":"status-publish","4":"has-post-thumbnail","6":"product_cat-fee","7":"product_tag-fee","8":"product_tag-open","9":"product_tag-sportfiskarna-memberships","10":"product_tag-team","11":"product_tag-team-1-3","12":"desktop-align-left","13":"tablet-align-left","14":"mobile-align-left","15":"ast-product-gallery-layout-horizontal-slider","16":"ast-product-gallery-with-no-image","17":"ast-product-tabs-layout-horizontal","19":"first","20":"instock","21":"downloadable","22":"virtual","23":"sold-individually","24":"purchasable","25":"product-type-simple"},"_links":{"self":[{"href":"https:\/\/store.fishy.nu\/nb\/wp-json\/wp\/v2\/product\/8409","targetHints":{"allow":["GET"]}}],"collection":[{"href":"https:\/\/store.fishy.nu\/nb\/wp-json\/wp\/v2\/product"}],"about":[{"href":"https:\/\/store.fishy.nu\/nb\/wp-json\/wp\/v2\/types\/product"}],"wp:featuredmedia":[{"embeddable":true,"href":"https:\/\/store.fishy.nu\/nb\/wp-json\/wp\/v2\/media\/832"}],"wp:attachment":[{"href":"https:\/\/store.fishy.nu\/nb\/wp-json\/wp\/v2\/media?parent=8409"}],"wp:term":[{"taxonomy":"product_brand","embeddable":true,"href":"https:\/\/store.fishy.nu\/nb\/wp-json\/wp\/v2\/product_brand?post=8409"},{"taxonomy":"product_cat","embeddable":true,"href":"https:\/\/store.fishy.nu\/nb\/wp-json\/wp\/v2\/product_cat?post=8409"},{"taxonomy":"product_tag","embeddable":true,"href":"https:\/\/store.fishy.nu\/nb\/wp-json\/wp\/v2\/product_tag?post=8409"}],"curies":[{"name":"wp","href":"https:\/\/api.w.org\/{rel}","templated":true}]}}