{"id":8238,"date":"2026-02-07T20:41:03","date_gmt":"2026-02-07T19:41:03","guid":{"rendered":"https:\/\/store.fishy.nu\/product\/entry-pass-kajakfiskeligan-mountain-madness-sarna-kajakfiskeligan-mountain-madness-sarna\/"},"modified":"2026-02-07T20:41:03","modified_gmt":"2026-02-07T19:41:03","slug":"entry-pass-kajakfiskeligan-mountain-madness-sarna-kajakfiskeligan-mountain-madness-sarna","status":"publish","type":"product","link":"https:\/\/store.fishy.nu\/nb\/product\/entry-pass-kajakfiskeligan-mountain-madness-sarna-kajakfiskeligan-mountain-madness-sarna\/","title":{"rendered":"Entry Pass &#8211; Kajakfiskeligan &#8211; Mountain Madness &#8211; S\u00e4rna (Kajakfiskeligan &#8211; Mountain Madness &#8211; S\u00e4rna)"},"content":{"rendered":"<p>Anm\u00e4lan till Kajakfiskeligan &#8211; S\u00e4rna<\/p>","protected":false},"excerpt":{"rendered":"<p>Kajakfiskeligan &#8211; Mountain Madness &#8211; S\u00e4rna, Kajakfiskeligan 2026, Svenska Kajakfiskeklubben [Ref. OAC-1218-1288-366]<\/p>","protected":false},"featured_media":133,"template":"","meta":{"site-sidebar-layout":"default","site-content-layout":"","ast-site-content-layout":"","site-content-style":"default","site-sidebar-style":"default","ast-global-header-display":"","ast-banner-title-visibility":"","ast-main-header-display":"","ast-hfb-above-header-display":"","ast-hfb-below-header-display":"","ast-hfb-mobile-header-display":"","site-post-title":"","ast-breadcrumbs-content":"","ast-featured-img":"","footer-sml-layout":"","theme-transparent-header-meta":"","adv-header-id-meta":"","stick-header-meta":"","header-above-stick-meta":"","header-main-stick-meta":"","header-below-stick-meta":"","astra-migrate-meta-layouts":"","ast-page-background-enabled":"default","ast-page-background-meta":{"desktop":{"background-color":"var(--ast-global-color-4)","background-image":"","background-repeat":"repeat","background-position":"center center","background-size":"auto","background-attachment":"scroll","background-type":"","background-media":"","overlay-type":"","overlay-color":"","overlay-gradient":""},"tablet":{"background-color":"","background-image":"","background-repeat":"repeat","background-position":"center center","background-size":"auto","background-attachment":"scroll","background-type":"","background-media":"","overlay-type":"","overlay-color":"","overlay-gradient":""},"mobile":{"background-color":"","background-image":"","background-repeat":"repeat","background-position":"center center","background-size":"auto","background-attachment":"scroll","background-type":"","background-media":"","overlay-type":"","overlay-color":"","overlay-gradient":""}},"ast-content-background-meta":{"desktop":{"background-color":"var(--ast-global-color-5)","background-image":"","background-repeat":"repeat","background-position":"center center","background-size":"auto","background-attachment":"scroll","background-type":"","background-media":"","overlay-type":"","overlay-color":"","overlay-gradient":""},"tablet":{"background-color":"var(--ast-global-color-5)","background-image":"","background-repeat":"repeat","background-position":"center center","background-size":"auto","background-attachment":"scroll","background-type":"","background-media":"","overlay-type":"","overlay-color":"","overlay-gradient":""},"mobile":{"background-color":"var(--ast-global-color-5)","background-image":"","background-repeat":"repeat","background-position":"center center","background-size":"auto","background-attachment":"scroll","background-type":"","background-media":"","overlay-type":"","overlay-color":"","overlay-gradient":""}}},"product_brand":[],"product_cat":[18],"product_tag":[21,54,22,28],"class_list":{"0":"post-8238","1":"product","2":"type-product","3":"status-publish","4":"has-post-thumbnail","6":"product_cat-fee","7":"product_tag-fee","8":"product_tag-boat","9":"product_tag-individual-contest","10":"product_tag-open","11":"desktop-align-left","12":"tablet-align-left","13":"mobile-align-left","14":"ast-product-gallery-layout-horizontal-slider","15":"ast-product-gallery-with-no-image","16":"ast-product-tabs-layout-horizontal","18":"first","19":"instock","20":"downloadable","21":"virtual","22":"sold-individually","23":"taxable","24":"purchasable","25":"product-type-simple"},"_links":{"self":[{"href":"https:\/\/store.fishy.nu\/nb\/wp-json\/wp\/v2\/product\/8238","targetHints":{"allow":["GET"]}}],"collection":[{"href":"https:\/\/store.fishy.nu\/nb\/wp-json\/wp\/v2\/product"}],"about":[{"href":"https:\/\/store.fishy.nu\/nb\/wp-json\/wp\/v2\/types\/product"}],"wp:featuredmedia":[{"embeddable":true,"href":"https:\/\/store.fishy.nu\/nb\/wp-json\/wp\/v2\/media\/133"}],"wp:attachment":[{"href":"https:\/\/store.fishy.nu\/nb\/wp-json\/wp\/v2\/media?parent=8238"}],"wp:term":[{"taxonomy":"product_brand","embeddable":true,"href":"https:\/\/store.fishy.nu\/nb\/wp-json\/wp\/v2\/product_brand?post=8238"},{"taxonomy":"product_cat","embeddable":true,"href":"https:\/\/store.fishy.nu\/nb\/wp-json\/wp\/v2\/product_cat?post=8238"},{"taxonomy":"product_tag","embeddable":true,"href":"https:\/\/store.fishy.nu\/nb\/wp-json\/wp\/v2\/product_tag?post=8238"}],"curies":[{"name":"wp","href":"https:\/\/api.w.org\/{rel}","templated":true}]}}