{"id":8150,"date":"2026-01-25T10:35:16","date_gmt":"2026-01-25T09:35:16","guid":{"rendered":"https:\/\/store.fishy.nu\/?post_type=product&#038;p=8150"},"modified":"2026-01-26T19:20:16","modified_gmt":"2026-01-26T18:20:16","slug":"trollingtraff2026","status":"publish","type":"product","link":"https:\/\/store.fishy.nu\/en\/product\/trollingtraff2026\/","title":{"rendered":"Lagavgift\tTrollingtr\u00e4ff (Trollingtr\u00e4ff \u00c5land 2026)"},"content":{"rendered":"<p>Anm\u00e4lningsavgift f\u00f6r 2-5 deltagare. Denna biljett ger ditt lag r\u00e4tt att delta i Trollingtr\u00e4ff \u00c5land 3\u20136 juni 2026 och inkluderar lagplats samt tillg\u00e5ng till t\u00e4vlingens gemensamma service enligt g\u00e4llande villkor. Genom k\u00f6p av biljetten godk\u00e4nner ni t\u00e4vlingsreglerna och arrang\u00f6rens villkor f\u00f6r deltagande, bokning och eventuell publicering av laguppgifter.<\/p>\n<p>\u00c5l-inclusive-matpaketet omfattar fyra middagar och tre frukostar, medan Take Away-lunchpaketet inneh\u00e5ller tre luncher som h\u00e4mtas fr\u00e5n restaurangen p\u00e5 morgonen. Hamnavgiften inkluderar b\u00e5tplats f\u00f6r ett lag under perioden 3\u20137.6.2026 med tillg\u00e5ng till el, vatten och servicehus. Det \u00e4r viktigt att l\u00e4sa informationen noggrant, eftersom tillval och mer detaljerad information framg\u00e5r p\u00e5 hemsidan.<\/p>","protected":false},"excerpt":{"rendered":"<p>Trollingtr\u00e4ff \u00c5land 2026, Trollingtr\u00e4ff \u00c5land, \u00c5land Event [Ref. OAC-1185-1257-359]<\/p>","protected":false},"featured_media":8170,"template":"","meta":{"site-sidebar-layout":"default","site-content-layout":"","ast-site-content-layout":"default","site-content-style":"default","site-sidebar-style":"default","ast-global-header-display":"","ast-banner-title-visibility":"","ast-main-header-display":"","ast-hfb-above-header-display":"","ast-hfb-below-header-display":"","ast-hfb-mobile-header-display":"","site-post-title":"","ast-breadcrumbs-content":"","ast-featured-img":"","footer-sml-layout":"","theme-transparent-header-meta":"default","adv-header-id-meta":"","stick-header-meta":"default","header-above-stick-meta":"","header-main-stick-meta":"","header-below-stick-meta":"","astra-migrate-meta-layouts":"set","ast-page-background-enabled":"default","ast-page-background-meta":{"desktop":{"background-color":"var(--ast-global-color-4)","background-image":"","background-repeat":"repeat","background-position":"center center","background-size":"auto","background-attachment":"scroll","background-type":"","background-media":"","overlay-type":"","overlay-color":"","overlay-gradient":""},"tablet":{"background-color":"","background-image":"","background-repeat":"repeat","background-position":"center center","background-size":"auto","background-attachment":"scroll","background-type":"","background-media":"","overlay-type":"","overlay-color":"","overlay-gradient":""},"mobile":{"background-color":"","background-image":"","background-repeat":"repeat","background-position":"center center","background-size":"auto","background-attachment":"scroll","background-type":"","background-media":"","overlay-type":"","overlay-color":"","overlay-gradient":""}},"ast-content-background-meta":{"desktop":{"background-color":"var(--ast-global-color-5)","background-image":"","background-repeat":"repeat","background-position":"center center","background-size":"auto","background-attachment":"scroll","background-type":"","background-media":"","overlay-type":"","overlay-color":"","overlay-gradient":""},"tablet":{"background-color":"var(--ast-global-color-5)","background-image":"","background-repeat":"repeat","background-position":"center center","background-size":"auto","background-attachment":"scroll","background-type":"","background-media":"","overlay-type":"","overlay-color":"","overlay-gradient":""},"mobile":{"background-color":"var(--ast-global-color-5)","background-image":"","background-repeat":"repeat","background-position":"center center","background-size":"auto","background-attachment":"scroll","background-type":"","background-media":"","overlay-type":"","overlay-color":"","overlay-gradient":""}}},"product_brand":[],"product_cat":[18],"product_tag":[49,21,38,28,30,37,48],"class_list":{"0":"post-8150","1":"product","2":"type-product","3":"status-publish","4":"has-post-thumbnail","6":"product_cat-fee","7":"product_tag-allergier","8":"product_tag-fee","9":"product_tag-nation","10":"product_tag-open","11":"product_tag-team","12":"product_tag-team-1-5","13":"product_tag-trollingtraff","14":"desktop-align-left","15":"tablet-align-left","16":"mobile-align-left","17":"ast-product-gallery-layout-horizontal-slider","18":"ast-product-gallery-with-no-image","19":"ast-product-tabs-layout-horizontal","21":"first","22":"instock","23":"downloadable","24":"virtual","25":"sold-individually","26":"taxable","27":"purchasable","28":"product-type-simple"},"_links":{"self":[{"href":"https:\/\/store.fishy.nu\/en\/wp-json\/wp\/v2\/product\/8150","targetHints":{"allow":["GET"]}}],"collection":[{"href":"https:\/\/store.fishy.nu\/en\/wp-json\/wp\/v2\/product"}],"about":[{"href":"https:\/\/store.fishy.nu\/en\/wp-json\/wp\/v2\/types\/product"}],"wp:featuredmedia":[{"embeddable":true,"href":"https:\/\/store.fishy.nu\/en\/wp-json\/wp\/v2\/media\/8170"}],"wp:attachment":[{"href":"https:\/\/store.fishy.nu\/en\/wp-json\/wp\/v2\/media?parent=8150"}],"wp:term":[{"taxonomy":"product_brand","embeddable":true,"href":"https:\/\/store.fishy.nu\/en\/wp-json\/wp\/v2\/product_brand?post=8150"},{"taxonomy":"product_cat","embeddable":true,"href":"https:\/\/store.fishy.nu\/en\/wp-json\/wp\/v2\/product_cat?post=8150"},{"taxonomy":"product_tag","embeddable":true,"href":"https:\/\/store.fishy.nu\/en\/wp-json\/wp\/v2\/product_tag?post=8150"}],"curies":[{"name":"wp","href":"https:\/\/api.w.org\/{rel}","templated":true}]}}