{"id":5652,"date":"2025-03-15T10:33:53","date_gmt":"2025-03-15T09:33:53","guid":{"rendered":"https:\/\/store.fishy.nu\/product\/anmalningsavgift-sm-troll25-ej-sm-sm-i-trolling-lax-oring-2025\/"},"modified":"2025-12-09T13:27:03","modified_gmt":"2025-12-09T12:27:03","slug":"anmalningsavgift-sm-troll25-ej-sm-sm-i-trolling-lax-oring-2025","status":"publish","type":"product","link":"https:\/\/store.fishy.nu\/en\/product\/anmalningsavgift-sm-troll25-ej-sm-sm-i-trolling-lax-oring-2025\/","title":{"rendered":"Anm\u00e4lningsavgift \u00c5m\u00e5l Trophy (\u00c5m\u00e5l Trophy &#8211; 12-timmars kampen (Sunnan\u00e5))"},"content":{"rendered":"","protected":false},"excerpt":{"rendered":"<p>\u00c5m\u00e5l Trophy &#8211; 12-timmars kampen (Sunnan\u00e5), Laxsj\u00f6ns Sportfiskare T\u00e4vlingar, Laxsj\u00f6ns Sportfiskare [Ref. OAC-1212-1236-270]<\/p>","protected":false},"featured_media":133,"template":"","meta":{"site-sidebar-layout":"default","site-content-layout":"","ast-site-content-layout":"","site-content-style":"default","site-sidebar-style":"default","ast-global-header-display":"","ast-banner-title-visibility":"","ast-main-header-display":"","ast-hfb-above-header-display":"","ast-hfb-below-header-display":"","ast-hfb-mobile-header-display":"","site-post-title":"","ast-breadcrumbs-content":"","ast-featured-img":"","footer-sml-layout":"","theme-transparent-header-meta":"","adv-header-id-meta":"","stick-header-meta":"","header-above-stick-meta":"","header-main-stick-meta":"","header-below-stick-meta":"","astra-migrate-meta-layouts":"","ast-page-background-enabled":"default","ast-page-background-meta":{"desktop":{"background-color":"var(--ast-global-color-4)","background-image":"","background-repeat":"repeat","background-position":"center center","background-size":"auto","background-attachment":"scroll","background-type":"","background-media":"","overlay-type":"","overlay-color":"","overlay-gradient":""},"tablet":{"background-color":"","background-image":"","background-repeat":"repeat","background-position":"center center","background-size":"auto","background-attachment":"scroll","background-type":"","background-media":"","overlay-type":"","overlay-color":"","overlay-gradient":""},"mobile":{"background-color":"","background-image":"","background-repeat":"repeat","background-position":"center center","background-size":"auto","background-attachment":"scroll","background-type":"","background-media":"","overlay-type":"","overlay-color":"","overlay-gradient":""}},"ast-content-background-meta":{"desktop":{"background-color":"var(--ast-global-color-5)","background-image":"","background-repeat":"repeat","background-position":"center center","background-size":"auto","background-attachment":"scroll","background-type":"","background-media":"","overlay-type":"","overlay-color":"","overlay-gradient":""},"tablet":{"background-color":"var(--ast-global-color-5)","background-image":"","background-repeat":"repeat","background-position":"center center","background-size":"auto","background-attachment":"scroll","background-type":"","background-media":"","overlay-type":"","overlay-color":"","overlay-gradient":""},"mobile":{"background-color":"var(--ast-global-color-5)","background-image":"","background-repeat":"repeat","background-position":"center center","background-size":"auto","background-attachment":"scroll","background-type":"","background-media":"","overlay-type":"","overlay-color":"","overlay-gradient":""}}},"product_brand":[],"product_cat":[16],"product_tag":[21,28,30,37],"class_list":{"0":"post-5652","1":"product","2":"type-product","3":"status-publish","4":"has-post-thumbnail","6":"product_cat-uncategorized","7":"product_tag-fee","8":"product_tag-open","9":"product_tag-team","10":"product_tag-team-1-5","11":"desktop-align-left","12":"tablet-align-left","13":"mobile-align-left","14":"ast-product-gallery-layout-horizontal-slider","15":"ast-product-gallery-with-no-image","16":"ast-product-tabs-layout-horizontal","18":"first","19":"instock","20":"downloadable","21":"virtual","22":"sold-individually","23":"taxable","24":"purchasable","25":"product-type-simple"},"_links":{"self":[{"href":"https:\/\/store.fishy.nu\/en\/wp-json\/wp\/v2\/product\/5652","targetHints":{"allow":["GET"]}}],"collection":[{"href":"https:\/\/store.fishy.nu\/en\/wp-json\/wp\/v2\/product"}],"about":[{"href":"https:\/\/store.fishy.nu\/en\/wp-json\/wp\/v2\/types\/product"}],"wp:featuredmedia":[{"embeddable":true,"href":"https:\/\/store.fishy.nu\/en\/wp-json\/wp\/v2\/media\/133"}],"wp:attachment":[{"href":"https:\/\/store.fishy.nu\/en\/wp-json\/wp\/v2\/media?parent=5652"}],"wp:term":[{"taxonomy":"product_brand","embeddable":true,"href":"https:\/\/store.fishy.nu\/en\/wp-json\/wp\/v2\/product_brand?post=5652"},{"taxonomy":"product_cat","embeddable":true,"href":"https:\/\/store.fishy.nu\/en\/wp-json\/wp\/v2\/product_cat?post=5652"},{"taxonomy":"product_tag","embeddable":true,"href":"https:\/\/store.fishy.nu\/en\/wp-json\/wp\/v2\/product_tag?post=5652"}],"curies":[{"name":"wp","href":"https:\/\/api.w.org\/{rel}","templated":true}]}}